{"id":6865,"date":"2025-05-27T16:07:35","date_gmt":"2025-05-27T14:07:35","guid":{"rendered":"https:\/\/www.anciennes-collections.com\/produit\/statere-beotie-thebes\/"},"modified":"2025-06-24T16:02:04","modified_gmt":"2025-06-24T14:02:04","slug":"statere-beotie-thebes","status":"publish","type":"product","link":"https:\/\/www.anciennes-collections.com\/en\/product\/statere-beotie-thebes\/","title":{"rendered":"Stat\u00e8re B\u00e9otie Th\u00e8bes"},"content":{"rendered":"<p>363-338 av JC<\/p>\n","protected":false},"excerpt":{"rendered":"<p>363-338 av JC<\/p>\n","protected":false},"featured_media":6851,"template":"","meta":[],"product_cat":[71,67],"product_tag":[],"_links":{"self":[{"href":"https:\/\/www.anciennes-collections.com\/en\/wp-json\/wp\/v2\/product\/6865"}],"collection":[{"href":"https:\/\/www.anciennes-collections.com\/en\/wp-json\/wp\/v2\/product"}],"about":[{"href":"https:\/\/www.anciennes-collections.com\/en\/wp-json\/wp\/v2\/types\/product"}],"wp:featuredmedia":[{"embeddable":true,"href":"https:\/\/www.anciennes-collections.com\/en\/wp-json\/wp\/v2\/media\/6851"}],"wp:attachment":[{"href":"https:\/\/www.anciennes-collections.com\/en\/wp-json\/wp\/v2\/media?parent=6865"}],"wp:term":[{"taxonomy":"product_cat","embeddable":true,"href":"https:\/\/www.anciennes-collections.com\/en\/wp-json\/wp\/v2\/product_cat?post=6865"},{"taxonomy":"product_tag","embeddable":true,"href":"https:\/\/www.anciennes-collections.com\/en\/wp-json\/wp\/v2\/product_tag?post=6865"}],"curies":[{"name":"wp","href":"https:\/\/api.w.org\/{rel}","templated":true}]}}