{"id":6799,"date":"2025-02-20T17:30:57","date_gmt":"2025-02-20T16:30:57","guid":{"rendered":"https:\/\/www.anciennes-collections.com\/?post_type=product&#038;p=6799"},"modified":"2026-01-01T23:00:27","modified_gmt":"2026-01-01T22:00:27","slug":"billet-0-e-revolution-francaise-louis-xvi-guillotine-anniversary-gold-precommande","status":"publish","type":"product","link":"https:\/\/www.anciennes-collections.com\/en\/product\/billet-0-e-revolution-francaise-louis-xvi-guillotine-anniversary-gold-precommande\/","title":{"rendered":"Billet 0 \u20ac R\u00e9volution Fran\u00e7aise : Louis XVI guillotin\u00e9 Anniversary Gold"},"content":{"rendered":"<p>Le nombre de billets mis en circulation sera fortement limit\u00e9<\/p>\n<p>Le nombre de billets mis en circulation sera mis \u00e0 jour r\u00e9guli\u00e8rement<\/p>\n<h3><strong>Nombre de billets mis en circulation au 07\/11\/2025 : 23<\/strong><\/h3>\n","protected":false},"excerpt":{"rendered":"<p>Le nombre de billets mis en circulation sera fortement limit\u00e9 Le nombre de billets mis en circulation sera mis \u00e0 jour r\u00e9guli\u00e8rement Nombre de billets mis en circulation au 07\/11\/2025 : 23<\/p>\n","protected":false},"featured_media":6797,"template":"","meta":[],"product_cat":[74,76,141],"product_tag":[],"_links":{"self":[{"href":"https:\/\/www.anciennes-collections.com\/en\/wp-json\/wp\/v2\/product\/6799"}],"collection":[{"href":"https:\/\/www.anciennes-collections.com\/en\/wp-json\/wp\/v2\/product"}],"about":[{"href":"https:\/\/www.anciennes-collections.com\/en\/wp-json\/wp\/v2\/types\/product"}],"wp:featuredmedia":[{"embeddable":true,"href":"https:\/\/www.anciennes-collections.com\/en\/wp-json\/wp\/v2\/media\/6797"}],"wp:attachment":[{"href":"https:\/\/www.anciennes-collections.com\/en\/wp-json\/wp\/v2\/media?parent=6799"}],"wp:term":[{"taxonomy":"product_cat","embeddable":true,"href":"https:\/\/www.anciennes-collections.com\/en\/wp-json\/wp\/v2\/product_cat?post=6799"},{"taxonomy":"product_tag","embeddable":true,"href":"https:\/\/www.anciennes-collections.com\/en\/wp-json\/wp\/v2\/product_tag?post=6799"}],"curies":[{"name":"wp","href":"https:\/\/api.w.org\/{rel}","templated":true}]}}