{"id":6782,"date":"2025-02-14T13:39:08","date_gmt":"2025-02-14T12:39:08","guid":{"rendered":"https:\/\/www.anciennes-collections.com\/?post_type=product&#038;p=6782"},"modified":"2025-05-16T13:54:29","modified_gmt":"2025-05-16T11:54:29","slug":"billet-de-20-francs-chazal-1872","status":"publish","type":"product","link":"https:\/\/www.anciennes-collections.com\/en\/product\/billet-de-20-francs-chazal-1872\/","title":{"rendered":"Billet de 20 Francs Chazal 1872"},"content":{"rendered":"<p>le plastique de la certification PMG est l\u00e9g\u00e8rement cass\u00e9<\/p>\n","protected":false},"excerpt":{"rendered":"<p>le plastique de la certification PMG est l\u00e9g\u00e8rement cass\u00e9<\/p>\n","protected":false},"featured_media":6758,"template":"","meta":[],"product_cat":[78,74],"product_tag":[],"_links":{"self":[{"href":"https:\/\/www.anciennes-collections.com\/en\/wp-json\/wp\/v2\/product\/6782"}],"collection":[{"href":"https:\/\/www.anciennes-collections.com\/en\/wp-json\/wp\/v2\/product"}],"about":[{"href":"https:\/\/www.anciennes-collections.com\/en\/wp-json\/wp\/v2\/types\/product"}],"wp:featuredmedia":[{"embeddable":true,"href":"https:\/\/www.anciennes-collections.com\/en\/wp-json\/wp\/v2\/media\/6758"}],"wp:attachment":[{"href":"https:\/\/www.anciennes-collections.com\/en\/wp-json\/wp\/v2\/media?parent=6782"}],"wp:term":[{"taxonomy":"product_cat","embeddable":true,"href":"https:\/\/www.anciennes-collections.com\/en\/wp-json\/wp\/v2\/product_cat?post=6782"},{"taxonomy":"product_tag","embeddable":true,"href":"https:\/\/www.anciennes-collections.com\/en\/wp-json\/wp\/v2\/product_tag?post=6782"}],"curies":[{"name":"wp","href":"https:\/\/api.w.org\/{rel}","templated":true}]}}