{"id":6719,"date":"2025-01-15T17:20:52","date_gmt":"2025-01-15T16:20:52","guid":{"rendered":"https:\/\/www.anciennes-collections.com\/produit\/billet-0-e-revolution-francaise-desmoulins-et-saint-just-2025-precommande\/"},"modified":"2026-02-11T12:59:22","modified_gmt":"2026-02-11T11:59:22","slug":"billet-0-e-revolution-francaise-desmoulins-et-saint-just-2025-precommande","status":"publish","type":"product","link":"https:\/\/www.anciennes-collections.com\/en\/product\/billet-0-e-revolution-francaise-desmoulins-et-saint-just-2025-precommande\/","title":{"rendered":"Billet 0 \u20ac R\u00e9volution Fran\u00e7aise : Desmoulins et Saint Just 2025"},"content":{"rendered":"<p>Le nombre de billets mis en circulation sera fortement limit\u00e9<\/p>\n<p>Le nombre de billets mis en circulation sera mis \u00e0 jour r\u00e9guli\u00e8rement<\/p>\n<h3><strong>Nombre de billets mis en circulation au 11\/02\/2026 : 86<\/strong><\/h3>\n","protected":false},"excerpt":{"rendered":"<p>Le nombre de billets mis en circulation sera fortement limit\u00e9 Le nombre de billets mis en circulation sera mis \u00e0 jour r\u00e9guli\u00e8rement Nombre de billets mis en circulation au 11\/02\/2026 : 86<\/p>\n","protected":false},"featured_media":6724,"template":"","meta":[],"product_cat":[74,76,141],"product_tag":[],"_links":{"self":[{"href":"https:\/\/www.anciennes-collections.com\/en\/wp-json\/wp\/v2\/product\/6719"}],"collection":[{"href":"https:\/\/www.anciennes-collections.com\/en\/wp-json\/wp\/v2\/product"}],"about":[{"href":"https:\/\/www.anciennes-collections.com\/en\/wp-json\/wp\/v2\/types\/product"}],"wp:featuredmedia":[{"embeddable":true,"href":"https:\/\/www.anciennes-collections.com\/en\/wp-json\/wp\/v2\/media\/6724"}],"wp:attachment":[{"href":"https:\/\/www.anciennes-collections.com\/en\/wp-json\/wp\/v2\/media?parent=6719"}],"wp:term":[{"taxonomy":"product_cat","embeddable":true,"href":"https:\/\/www.anciennes-collections.com\/en\/wp-json\/wp\/v2\/product_cat?post=6719"},{"taxonomy":"product_tag","embeddable":true,"href":"https:\/\/www.anciennes-collections.com\/en\/wp-json\/wp\/v2\/product_tag?post=6719"}],"curies":[{"name":"wp","href":"https:\/\/api.w.org\/{rel}","templated":true}]}}