{"id":6551,"date":"2024-10-01T16:16:53","date_gmt":"2024-10-01T14:16:53","guid":{"rendered":"https:\/\/www.anciennes-collections.com\/produit\/sesterce-dhadrien\/"},"modified":"2025-02-11T14:33:36","modified_gmt":"2025-02-11T13:33:36","slug":"sesterce-dhadrien","status":"publish","type":"product","link":"https:\/\/www.anciennes-collections.com\/en\/product\/sesterce-dhadrien\/","title":{"rendered":"Sesterce d&#8217;Hadrien"},"content":{"rendered":"<p>l\u00e9g\u00e8rement retouch\u00e9<\/p>\n","protected":false},"excerpt":{"rendered":"<p>l\u00e9g\u00e8rement retouch\u00e9<\/p>\n","protected":false},"featured_media":6547,"template":"","meta":[],"product_cat":[71,67],"product_tag":[],"_links":{"self":[{"href":"https:\/\/www.anciennes-collections.com\/en\/wp-json\/wp\/v2\/product\/6551"}],"collection":[{"href":"https:\/\/www.anciennes-collections.com\/en\/wp-json\/wp\/v2\/product"}],"about":[{"href":"https:\/\/www.anciennes-collections.com\/en\/wp-json\/wp\/v2\/types\/product"}],"wp:featuredmedia":[{"embeddable":true,"href":"https:\/\/www.anciennes-collections.com\/en\/wp-json\/wp\/v2\/media\/6547"}],"wp:attachment":[{"href":"https:\/\/www.anciennes-collections.com\/en\/wp-json\/wp\/v2\/media?parent=6551"}],"wp:term":[{"taxonomy":"product_cat","embeddable":true,"href":"https:\/\/www.anciennes-collections.com\/en\/wp-json\/wp\/v2\/product_cat?post=6551"},{"taxonomy":"product_tag","embeddable":true,"href":"https:\/\/www.anciennes-collections.com\/en\/wp-json\/wp\/v2\/product_tag?post=6551"}],"curies":[{"name":"wp","href":"https:\/\/api.w.org\/{rel}","templated":true}]}}