{"id":6549,"date":"2024-10-01T16:14:59","date_gmt":"2024-10-01T14:14:59","guid":{"rendered":"https:\/\/www.anciennes-collections.com\/produit\/essai-uniface-en-cuivre-dore-de-la-piece-de-50-francs-or-napoleon-iii-de-1855\/"},"modified":"2025-02-11T14:34:03","modified_gmt":"2025-02-11T13:34:03","slug":"essai-uniface-en-cuivre-dore-de-la-piece-de-50-francs-or-napoleon-iii-de-1855","status":"publish","type":"product","link":"https:\/\/www.anciennes-collections.com\/en\/product\/essai-uniface-en-cuivre-dore-de-la-piece-de-50-francs-or-napoleon-iii-de-1855\/","title":{"rendered":"Essai uniface en cuivre dor\u00e9 de la pi\u00e8ce de 50 Francs Or Napol\u00e9on III de 1855"},"content":{"rendered":"<p>cote gadoury 2023 : 2000 \u20ac en SUP<\/p>\n","protected":false},"excerpt":{"rendered":"<p>cote gadoury 2023 : 2000 \u20ac en SUP<\/p>\n","protected":false},"featured_media":6515,"template":"","meta":[],"product_cat":[67,68],"product_tag":[],"_links":{"self":[{"href":"https:\/\/www.anciennes-collections.com\/en\/wp-json\/wp\/v2\/product\/6549"}],"collection":[{"href":"https:\/\/www.anciennes-collections.com\/en\/wp-json\/wp\/v2\/product"}],"about":[{"href":"https:\/\/www.anciennes-collections.com\/en\/wp-json\/wp\/v2\/types\/product"}],"wp:featuredmedia":[{"embeddable":true,"href":"https:\/\/www.anciennes-collections.com\/en\/wp-json\/wp\/v2\/media\/6515"}],"wp:attachment":[{"href":"https:\/\/www.anciennes-collections.com\/en\/wp-json\/wp\/v2\/media?parent=6549"}],"wp:term":[{"taxonomy":"product_cat","embeddable":true,"href":"https:\/\/www.anciennes-collections.com\/en\/wp-json\/wp\/v2\/product_cat?post=6549"},{"taxonomy":"product_tag","embeddable":true,"href":"https:\/\/www.anciennes-collections.com\/en\/wp-json\/wp\/v2\/product_tag?post=6549"}],"curies":[{"name":"wp","href":"https:\/\/api.w.org\/{rel}","templated":true}]}}