{"id":6299,"date":"2024-08-01T12:30:28","date_gmt":"2024-08-01T10:30:28","guid":{"rendered":"https:\/\/www.anciennes-collections.com\/?post_type=product&#038;p=6299"},"modified":"2024-08-01T12:31:09","modified_gmt":"2024-08-01T10:31:09","slug":"lot-de-90-billets-de-0e-les-quatre-napoleon-du-numero-11-au-numero-100","status":"publish","type":"product","link":"https:\/\/www.anciennes-collections.com\/en\/product\/lot-de-90-billets-de-0e-les-quatre-napoleon-du-numero-11-au-numero-100\/","title":{"rendered":"Lot De 90 Billets De 0\u20ac Les Quatre Napol\u00e9on. Du Num\u00e9ro 11 Au Num\u00e9ro 100"},"content":{"rendered":"","protected":false},"excerpt":{"rendered":"","protected":false},"featured_media":6267,"template":"","meta":[],"product_cat":[74,76,141],"product_tag":[],"_links":{"self":[{"href":"https:\/\/www.anciennes-collections.com\/en\/wp-json\/wp\/v2\/product\/6299"}],"collection":[{"href":"https:\/\/www.anciennes-collections.com\/en\/wp-json\/wp\/v2\/product"}],"about":[{"href":"https:\/\/www.anciennes-collections.com\/en\/wp-json\/wp\/v2\/types\/product"}],"wp:featuredmedia":[{"embeddable":true,"href":"https:\/\/www.anciennes-collections.com\/en\/wp-json\/wp\/v2\/media\/6267"}],"wp:attachment":[{"href":"https:\/\/www.anciennes-collections.com\/en\/wp-json\/wp\/v2\/media?parent=6299"}],"wp:term":[{"taxonomy":"product_cat","embeddable":true,"href":"https:\/\/www.anciennes-collections.com\/en\/wp-json\/wp\/v2\/product_cat?post=6299"},{"taxonomy":"product_tag","embeddable":true,"href":"https:\/\/www.anciennes-collections.com\/en\/wp-json\/wp\/v2\/product_tag?post=6299"}],"curies":[{"name":"wp","href":"https:\/\/api.w.org\/{rel}","templated":true}]}}