{"id":6189,"date":"2024-06-21T15:42:32","date_gmt":"2024-06-21T13:42:32","guid":{"rendered":"https:\/\/www.anciennes-collections.com\/produit\/medaille-de-la-ville-de-paris-du-concours-des-bebes-1889\/"},"modified":"2024-06-21T15:42:54","modified_gmt":"2024-06-21T13:42:54","slug":"medaille-de-la-ville-de-paris-du-concours-des-bebes-1889","status":"publish","type":"product","link":"https:\/\/www.anciennes-collections.com\/en\/product\/medaille-de-la-ville-de-paris-du-concours-des-bebes-1889\/","title":{"rendered":"M\u00e9daille de la ville de Paris du concours des b\u00e9b\u00e9s 1889"},"content":{"rendered":"<p>bronze dor\u00e9<\/p>\n","protected":false},"excerpt":{"rendered":"<p>bronze dor\u00e9<\/p>\n","protected":false},"featured_media":6177,"template":"","meta":[],"product_cat":[67,73],"product_tag":[],"_links":{"self":[{"href":"https:\/\/www.anciennes-collections.com\/en\/wp-json\/wp\/v2\/product\/6189"}],"collection":[{"href":"https:\/\/www.anciennes-collections.com\/en\/wp-json\/wp\/v2\/product"}],"about":[{"href":"https:\/\/www.anciennes-collections.com\/en\/wp-json\/wp\/v2\/types\/product"}],"wp:featuredmedia":[{"embeddable":true,"href":"https:\/\/www.anciennes-collections.com\/en\/wp-json\/wp\/v2\/media\/6177"}],"wp:attachment":[{"href":"https:\/\/www.anciennes-collections.com\/en\/wp-json\/wp\/v2\/media?parent=6189"}],"wp:term":[{"taxonomy":"product_cat","embeddable":true,"href":"https:\/\/www.anciennes-collections.com\/en\/wp-json\/wp\/v2\/product_cat?post=6189"},{"taxonomy":"product_tag","embeddable":true,"href":"https:\/\/www.anciennes-collections.com\/en\/wp-json\/wp\/v2\/product_tag?post=6189"}],"curies":[{"name":"wp","href":"https:\/\/api.w.org\/{rel}","templated":true}]}}