{"id":5748,"date":"2023-12-29T11:44:05","date_gmt":"2023-12-29T10:44:05","guid":{"rendered":"https:\/\/www.anciennes-collections.com\/?post_type=product&#038;p=5748"},"modified":"2025-01-14T17:05:53","modified_gmt":"2025-01-14T16:05:53","slug":"billet-de-50-francs-saint-exupery-decidasse-par-vigier","status":"publish","type":"product","link":"https:\/\/www.anciennes-collections.com\/en\/product\/billet-de-50-francs-saint-exupery-decidasse-par-vigier\/","title":{"rendered":"Billet de 50 Francs Saint Exup\u00e9ry d\u00e9cidass\u00e9 par Vigier"},"content":{"rendered":"<p>Billet de 50 Francs Saint Exup\u00e9ry d\u00e9cidass\u00e9 par Vigier<\/p>\n","protected":false},"excerpt":{"rendered":"<p>Billet de 50 Francs Saint Exup\u00e9ry d\u00e9cidass\u00e9 par Vigier<\/p>\n","protected":false},"featured_media":5712,"template":"","meta":[],"product_cat":[78,74],"product_tag":[],"_links":{"self":[{"href":"https:\/\/www.anciennes-collections.com\/en\/wp-json\/wp\/v2\/product\/5748"}],"collection":[{"href":"https:\/\/www.anciennes-collections.com\/en\/wp-json\/wp\/v2\/product"}],"about":[{"href":"https:\/\/www.anciennes-collections.com\/en\/wp-json\/wp\/v2\/types\/product"}],"wp:featuredmedia":[{"embeddable":true,"href":"https:\/\/www.anciennes-collections.com\/en\/wp-json\/wp\/v2\/media\/5712"}],"wp:attachment":[{"href":"https:\/\/www.anciennes-collections.com\/en\/wp-json\/wp\/v2\/media?parent=5748"}],"wp:term":[{"taxonomy":"product_cat","embeddable":true,"href":"https:\/\/www.anciennes-collections.com\/en\/wp-json\/wp\/v2\/product_cat?post=5748"},{"taxonomy":"product_tag","embeddable":true,"href":"https:\/\/www.anciennes-collections.com\/en\/wp-json\/wp\/v2\/product_tag?post=5748"}],"curies":[{"name":"wp","href":"https:\/\/api.w.org\/{rel}","templated":true}]}}