{"id":5746,"date":"2023-12-29T11:41:53","date_gmt":"2023-12-29T10:41:53","guid":{"rendered":"https:\/\/www.anciennes-collections.com\/?post_type=product&#038;p=5746"},"modified":"2025-01-14T17:06:18","modified_gmt":"2025-01-14T16:06:18","slug":"billet-de-10000-francs-genie-francais-de-1954","status":"publish","type":"product","link":"https:\/\/www.anciennes-collections.com\/en\/product\/billet-de-10000-francs-genie-francais-de-1954\/","title":{"rendered":"Billet de 10000 Francs G\u00e9nie Fran\u00e7ais de 1954"},"content":{"rendered":"<p>Billet de 10000 Francs G\u00e9nie Fran\u00e7ais de 1954<\/p>\n","protected":false},"excerpt":{"rendered":"<p>Billet de 10000 Francs G\u00e9nie Fran\u00e7ais de 1954<\/p>\n","protected":false},"featured_media":5686,"template":"","meta":[],"product_cat":[78,74],"product_tag":[],"_links":{"self":[{"href":"https:\/\/www.anciennes-collections.com\/en\/wp-json\/wp\/v2\/product\/5746"}],"collection":[{"href":"https:\/\/www.anciennes-collections.com\/en\/wp-json\/wp\/v2\/product"}],"about":[{"href":"https:\/\/www.anciennes-collections.com\/en\/wp-json\/wp\/v2\/types\/product"}],"wp:featuredmedia":[{"embeddable":true,"href":"https:\/\/www.anciennes-collections.com\/en\/wp-json\/wp\/v2\/media\/5686"}],"wp:attachment":[{"href":"https:\/\/www.anciennes-collections.com\/en\/wp-json\/wp\/v2\/media?parent=5746"}],"wp:term":[{"taxonomy":"product_cat","embeddable":true,"href":"https:\/\/www.anciennes-collections.com\/en\/wp-json\/wp\/v2\/product_cat?post=5746"},{"taxonomy":"product_tag","embeddable":true,"href":"https:\/\/www.anciennes-collections.com\/en\/wp-json\/wp\/v2\/product_tag?post=5746"}],"curies":[{"name":"wp","href":"https:\/\/api.w.org\/{rel}","templated":true}]}}