{"id":5498,"date":"2023-09-05T14:11:32","date_gmt":"2023-09-05T12:11:32","guid":{"rendered":"https:\/\/www.anciennes-collections.com\/produit\/aureus-de-neron\/"},"modified":"2023-09-26T17:26:51","modified_gmt":"2023-09-26T15:26:51","slug":"aureus-de-neron","status":"publish","type":"product","link":"https:\/\/www.anciennes-collections.com\/en\/product\/aureus-de-neron\/","title":{"rendered":"Aur\u00e9us de N\u00e9ron"},"content":{"rendered":"<p>Aur\u00e9us de N\u00e9ron<\/p>\n","protected":false},"excerpt":{"rendered":"<p>Aur\u00e9us de N\u00e9ron<\/p>\n","protected":false},"featured_media":5472,"template":"","meta":[],"product_cat":[71,67,70],"product_tag":[],"_links":{"self":[{"href":"https:\/\/www.anciennes-collections.com\/en\/wp-json\/wp\/v2\/product\/5498"}],"collection":[{"href":"https:\/\/www.anciennes-collections.com\/en\/wp-json\/wp\/v2\/product"}],"about":[{"href":"https:\/\/www.anciennes-collections.com\/en\/wp-json\/wp\/v2\/types\/product"}],"wp:featuredmedia":[{"embeddable":true,"href":"https:\/\/www.anciennes-collections.com\/en\/wp-json\/wp\/v2\/media\/5472"}],"wp:attachment":[{"href":"https:\/\/www.anciennes-collections.com\/en\/wp-json\/wp\/v2\/media?parent=5498"}],"wp:term":[{"taxonomy":"product_cat","embeddable":true,"href":"https:\/\/www.anciennes-collections.com\/en\/wp-json\/wp\/v2\/product_cat?post=5498"},{"taxonomy":"product_tag","embeddable":true,"href":"https:\/\/www.anciennes-collections.com\/en\/wp-json\/wp\/v2\/product_tag?post=5498"}],"curies":[{"name":"wp","href":"https:\/\/api.w.org\/{rel}","templated":true}]}}