{"id":5382,"date":"2023-07-04T15:37:57","date_gmt":"2023-07-04T13:37:57","guid":{"rendered":"https:\/\/www.anciennes-collections.com\/?post_type=product&#038;p=5382"},"modified":"2023-07-04T15:38:37","modified_gmt":"2023-07-04T13:38:37","slug":"lot-de-48-ecus-argent-de-5-francs-du-xix-siecle","status":"publish","type":"product","link":"https:\/\/www.anciennes-collections.com\/en\/product\/lot-de-48-ecus-argent-de-5-francs-du-xix-siecle\/","title":{"rendered":"Lot de 48 \u00e9cus argent de 5 Francs du XIX si\u00e8cle"},"content":{"rendered":"<p>Lot de 48 \u00e9cus argent de 5 Francs du XIX si\u00e8cle<\/p>\n","protected":false},"excerpt":{"rendered":"<p>Lot de 48 \u00e9cus argent de 5 Francs du XIX si\u00e8cle<\/p>\n","protected":false},"featured_media":5354,"template":"","meta":[],"product_cat":[67,87,84],"product_tag":[],"_links":{"self":[{"href":"https:\/\/www.anciennes-collections.com\/en\/wp-json\/wp\/v2\/product\/5382"}],"collection":[{"href":"https:\/\/www.anciennes-collections.com\/en\/wp-json\/wp\/v2\/product"}],"about":[{"href":"https:\/\/www.anciennes-collections.com\/en\/wp-json\/wp\/v2\/types\/product"}],"wp:featuredmedia":[{"embeddable":true,"href":"https:\/\/www.anciennes-collections.com\/en\/wp-json\/wp\/v2\/media\/5354"}],"wp:attachment":[{"href":"https:\/\/www.anciennes-collections.com\/en\/wp-json\/wp\/v2\/media?parent=5382"}],"wp:term":[{"taxonomy":"product_cat","embeddable":true,"href":"https:\/\/www.anciennes-collections.com\/en\/wp-json\/wp\/v2\/product_cat?post=5382"},{"taxonomy":"product_tag","embeddable":true,"href":"https:\/\/www.anciennes-collections.com\/en\/wp-json\/wp\/v2\/product_tag?post=5382"}],"curies":[{"name":"wp","href":"https:\/\/api.w.org\/{rel}","templated":true}]}}