{"id":5256,"date":"2023-04-11T15:26:40","date_gmt":"2023-04-11T13:26:40","guid":{"rendered":"https:\/\/www.anciennes-collections.com\/produit\/lot-de-15-pieces-de-2-roubles-commemoratives-russie-2012\/"},"modified":"2026-01-28T10:06:39","modified_gmt":"2026-01-28T09:06:39","slug":"lot-de-15-pieces-de-2-roubles-commemoratives-russie-2012","status":"publish","type":"product","link":"https:\/\/www.anciennes-collections.com\/en\/product\/lot-de-15-pieces-de-2-roubles-commemoratives-russie-2012\/","title":{"rendered":"Lot de 15 pi\u00e8ces de 2 Roubles comm\u00e9moratives Russie 2012"},"content":{"rendered":"<p>Lot de 15 pi\u00e8ces de 2 Roubles comm\u00e9moratives Russie 2012<\/p>\n","protected":false},"excerpt":{"rendered":"<p>Lot de 15 pi\u00e8ces de 2 Roubles comm\u00e9moratives Russie 2012<\/p>\n","protected":false},"featured_media":5228,"template":"","meta":[],"product_cat":[67,69],"product_tag":[],"_links":{"self":[{"href":"https:\/\/www.anciennes-collections.com\/en\/wp-json\/wp\/v2\/product\/5256"}],"collection":[{"href":"https:\/\/www.anciennes-collections.com\/en\/wp-json\/wp\/v2\/product"}],"about":[{"href":"https:\/\/www.anciennes-collections.com\/en\/wp-json\/wp\/v2\/types\/product"}],"wp:featuredmedia":[{"embeddable":true,"href":"https:\/\/www.anciennes-collections.com\/en\/wp-json\/wp\/v2\/media\/5228"}],"wp:attachment":[{"href":"https:\/\/www.anciennes-collections.com\/en\/wp-json\/wp\/v2\/media?parent=5256"}],"wp:term":[{"taxonomy":"product_cat","embeddable":true,"href":"https:\/\/www.anciennes-collections.com\/en\/wp-json\/wp\/v2\/product_cat?post=5256"},{"taxonomy":"product_tag","embeddable":true,"href":"https:\/\/www.anciennes-collections.com\/en\/wp-json\/wp\/v2\/product_tag?post=5256"}],"curies":[{"name":"wp","href":"https:\/\/api.w.org\/{rel}","templated":true}]}}