{"id":4945,"date":"2023-01-23T15:35:25","date_gmt":"2023-01-23T14:35:25","guid":{"rendered":"https:\/\/www.anciennes-collections.com\/?post_type=product&#038;p=4945"},"modified":"2023-01-23T15:36:13","modified_gmt":"2023-01-23T14:36:13","slug":"lot-de-20-ecus-argent-de-5-francs-du-xix-siecle-2","status":"publish","type":"product","link":"https:\/\/www.anciennes-collections.com\/en\/product\/lot-de-20-ecus-argent-de-5-francs-du-xix-siecle-2\/","title":{"rendered":"Lot de 20 \u00e9cus argent de 5 Francs du XIX si\u00e8cle"},"content":{"rendered":"<p>Lot de 20 \u00e9cus argent de 5 Francs du XIX si\u00e8cle<\/p>\n","protected":false},"excerpt":{"rendered":"<p>Lot de 20 \u00e9cus argent de 5 Francs du XIX si\u00e8cle<\/p>\n","protected":false},"featured_media":4937,"template":"","meta":[],"product_cat":[87,84],"product_tag":[],"_links":{"self":[{"href":"https:\/\/www.anciennes-collections.com\/en\/wp-json\/wp\/v2\/product\/4945"}],"collection":[{"href":"https:\/\/www.anciennes-collections.com\/en\/wp-json\/wp\/v2\/product"}],"about":[{"href":"https:\/\/www.anciennes-collections.com\/en\/wp-json\/wp\/v2\/types\/product"}],"wp:featuredmedia":[{"embeddable":true,"href":"https:\/\/www.anciennes-collections.com\/en\/wp-json\/wp\/v2\/media\/4937"}],"wp:attachment":[{"href":"https:\/\/www.anciennes-collections.com\/en\/wp-json\/wp\/v2\/media?parent=4945"}],"wp:term":[{"taxonomy":"product_cat","embeddable":true,"href":"https:\/\/www.anciennes-collections.com\/en\/wp-json\/wp\/v2\/product_cat?post=4945"},{"taxonomy":"product_tag","embeddable":true,"href":"https:\/\/www.anciennes-collections.com\/en\/wp-json\/wp\/v2\/product_tag?post=4945"}],"curies":[{"name":"wp","href":"https:\/\/api.w.org\/{rel}","templated":true}]}}