{"id":4943,"date":"2023-01-23T15:34:28","date_gmt":"2023-01-23T14:34:28","guid":{"rendered":"https:\/\/www.anciennes-collections.com\/?post_type=product&#038;p=4943"},"modified":"2023-01-23T15:35:07","modified_gmt":"2023-01-23T14:35:07","slug":"lot-de-10-ecus-argent-de-5-francs-du-xix-siecle-6","status":"publish","type":"product","link":"https:\/\/www.anciennes-collections.com\/en\/product\/lot-de-10-ecus-argent-de-5-francs-du-xix-siecle-6\/","title":{"rendered":"Lot de 10 \u00e9cus argent de 5 Francs du XIX si\u00e8cle"},"content":{"rendered":"<p>Lot de 10 \u00e9cus argent de 5 Francs du XIX si\u00e8cle<\/p>\n","protected":false},"excerpt":{"rendered":"<p>Lot de 10 \u00e9cus argent de 5 Francs du XIX si\u00e8cle<\/p>\n","protected":false},"featured_media":4941,"template":"","meta":[],"product_cat":[87,84],"product_tag":[],"_links":{"self":[{"href":"https:\/\/www.anciennes-collections.com\/en\/wp-json\/wp\/v2\/product\/4943"}],"collection":[{"href":"https:\/\/www.anciennes-collections.com\/en\/wp-json\/wp\/v2\/product"}],"about":[{"href":"https:\/\/www.anciennes-collections.com\/en\/wp-json\/wp\/v2\/types\/product"}],"wp:featuredmedia":[{"embeddable":true,"href":"https:\/\/www.anciennes-collections.com\/en\/wp-json\/wp\/v2\/media\/4941"}],"wp:attachment":[{"href":"https:\/\/www.anciennes-collections.com\/en\/wp-json\/wp\/v2\/media?parent=4943"}],"wp:term":[{"taxonomy":"product_cat","embeddable":true,"href":"https:\/\/www.anciennes-collections.com\/en\/wp-json\/wp\/v2\/product_cat?post=4943"},{"taxonomy":"product_tag","embeddable":true,"href":"https:\/\/www.anciennes-collections.com\/en\/wp-json\/wp\/v2\/product_tag?post=4943"}],"curies":[{"name":"wp","href":"https:\/\/api.w.org\/{rel}","templated":true}]}}