{"id":4897,"date":"2023-01-19T17:22:29","date_gmt":"2023-01-19T16:22:29","guid":{"rendered":"https:\/\/www.anciennes-collections.com\/produit\/lot-de-16-timbres-de-napoleon-iii-obliteres\/"},"modified":"2023-01-19T17:22:29","modified_gmt":"2023-01-19T16:22:29","slug":"lot-de-16-timbres-de-napoleon-iii-obliteres","status":"publish","type":"product","link":"https:\/\/www.anciennes-collections.com\/en\/product\/lot-de-16-timbres-de-napoleon-iii-obliteres\/","title":{"rendered":"Lot de 16 Timbres de Napol\u00e9on III oblit\u00e9r\u00e9s"},"content":{"rendered":"<p>Lot de 16 Timbres de Napol\u00e9on III oblit\u00e9r\u00e9s avec des traces de charni\u00e8res<\/p>\n","protected":false},"excerpt":{"rendered":"<p>Lot de 16 Timbres de Napol\u00e9on III oblit\u00e9r\u00e9s avec des traces de charni\u00e8res<\/p>\n","protected":false},"featured_media":4891,"template":"","meta":[],"product_cat":[95,93],"product_tag":[],"_links":{"self":[{"href":"https:\/\/www.anciennes-collections.com\/en\/wp-json\/wp\/v2\/product\/4897"}],"collection":[{"href":"https:\/\/www.anciennes-collections.com\/en\/wp-json\/wp\/v2\/product"}],"about":[{"href":"https:\/\/www.anciennes-collections.com\/en\/wp-json\/wp\/v2\/types\/product"}],"wp:featuredmedia":[{"embeddable":true,"href":"https:\/\/www.anciennes-collections.com\/en\/wp-json\/wp\/v2\/media\/4891"}],"wp:attachment":[{"href":"https:\/\/www.anciennes-collections.com\/en\/wp-json\/wp\/v2\/media?parent=4897"}],"wp:term":[{"taxonomy":"product_cat","embeddable":true,"href":"https:\/\/www.anciennes-collections.com\/en\/wp-json\/wp\/v2\/product_cat?post=4897"},{"taxonomy":"product_tag","embeddable":true,"href":"https:\/\/www.anciennes-collections.com\/en\/wp-json\/wp\/v2\/product_tag?post=4897"}],"curies":[{"name":"wp","href":"https:\/\/api.w.org\/{rel}","templated":true}]}}