{"id":4625,"date":"2023-01-16T17:01:18","date_gmt":"2023-01-16T16:01:18","guid":{"rendered":"https:\/\/www.anciennes-collections.com\/?post_type=product&#038;p=4625"},"modified":"2023-04-12T11:14:06","modified_gmt":"2023-04-12T09:14:06","slug":"10-francs-or-ceres-1851-a","status":"publish","type":"product","link":"https:\/\/www.anciennes-collections.com\/en\/product\/10-francs-or-ceres-1851-a\/","title":{"rendered":"10 Francs Or C\u00e9r\u00e8s 1851 A"},"content":{"rendered":"<p>10 Francs Or C\u00e9r\u00e8s 1851 A<\/p>\n","protected":false},"excerpt":{"rendered":"<p>10 Francs Or C\u00e9r\u00e8s 1851 A<\/p>\n","protected":false},"featured_media":4609,"template":"","meta":[],"product_cat":[67,70],"product_tag":[],"_links":{"self":[{"href":"https:\/\/www.anciennes-collections.com\/en\/wp-json\/wp\/v2\/product\/4625"}],"collection":[{"href":"https:\/\/www.anciennes-collections.com\/en\/wp-json\/wp\/v2\/product"}],"about":[{"href":"https:\/\/www.anciennes-collections.com\/en\/wp-json\/wp\/v2\/types\/product"}],"wp:featuredmedia":[{"embeddable":true,"href":"https:\/\/www.anciennes-collections.com\/en\/wp-json\/wp\/v2\/media\/4609"}],"wp:attachment":[{"href":"https:\/\/www.anciennes-collections.com\/en\/wp-json\/wp\/v2\/media?parent=4625"}],"wp:term":[{"taxonomy":"product_cat","embeddable":true,"href":"https:\/\/www.anciennes-collections.com\/en\/wp-json\/wp\/v2\/product_cat?post=4625"},{"taxonomy":"product_tag","embeddable":true,"href":"https:\/\/www.anciennes-collections.com\/en\/wp-json\/wp\/v2\/product_tag?post=4625"}],"curies":[{"name":"wp","href":"https:\/\/api.w.org\/{rel}","templated":true}]}}