{"id":4575,"date":"2023-01-13T15:07:49","date_gmt":"2023-01-13T14:07:49","guid":{"rendered":"https:\/\/www.anciennes-collections.com\/produit\/5-francs-honore-v-monaco-1837\/"},"modified":"2025-06-21T12:26:07","modified_gmt":"2025-06-21T10:26:07","slug":"5-francs-honore-v-monaco-1837","status":"publish","type":"product","link":"https:\/\/www.anciennes-collections.com\/en\/product\/5-francs-honore-v-monaco-1837\/","title":{"rendered":"5 Francs Honor\u00e9 V Monaco 1837"},"content":{"rendered":"<p>5 Francs Honor\u00e9 V Monaco 1837<\/p>\n<p>&nbsp;<\/p>\n<p>Vari\u00e9t\u00e9 : D*EO JUV\u00a0 ANTE<\/p>\n","protected":false},"excerpt":{"rendered":"<p>5 Francs Honor\u00e9 V Monaco 1837 &nbsp; Vari\u00e9t\u00e9 : D*EO JUV\u00a0 ANTE<\/p>\n","protected":false},"featured_media":4531,"template":"","meta":[],"product_cat":[67,69],"product_tag":[],"_links":{"self":[{"href":"https:\/\/www.anciennes-collections.com\/en\/wp-json\/wp\/v2\/product\/4575"}],"collection":[{"href":"https:\/\/www.anciennes-collections.com\/en\/wp-json\/wp\/v2\/product"}],"about":[{"href":"https:\/\/www.anciennes-collections.com\/en\/wp-json\/wp\/v2\/types\/product"}],"wp:featuredmedia":[{"embeddable":true,"href":"https:\/\/www.anciennes-collections.com\/en\/wp-json\/wp\/v2\/media\/4531"}],"wp:attachment":[{"href":"https:\/\/www.anciennes-collections.com\/en\/wp-json\/wp\/v2\/media?parent=4575"}],"wp:term":[{"taxonomy":"product_cat","embeddable":true,"href":"https:\/\/www.anciennes-collections.com\/en\/wp-json\/wp\/v2\/product_cat?post=4575"},{"taxonomy":"product_tag","embeddable":true,"href":"https:\/\/www.anciennes-collections.com\/en\/wp-json\/wp\/v2\/product_tag?post=4575"}],"curies":[{"name":"wp","href":"https:\/\/api.w.org\/{rel}","templated":true}]}}