{"id":4514,"date":"2023-01-10T17:24:52","date_gmt":"2023-01-10T16:24:52","guid":{"rendered":"https:\/\/www.anciennes-collections.com\/?post_type=product&#038;p=4514"},"modified":"2024-03-28T15:56:58","modified_gmt":"2024-03-28T14:56:58","slug":"20-francs-or-napoleon-iii-tete-lauree-1862-bb","status":"publish","type":"product","link":"https:\/\/www.anciennes-collections.com\/en\/product\/20-francs-or-napoleon-iii-tete-lauree-1862-bb\/","title":{"rendered":"20 Francs or Napol\u00e9on III t\u00eate laur\u00e9e 1862 BB"},"content":{"rendered":"<p>20 Francs or Napol\u00e9on III t\u00eate laur\u00e9e 1862 BB<\/p>\n","protected":false},"excerpt":{"rendered":"<p>20 Francs or Napol\u00e9on III t\u00eate laur\u00e9e 1862 BB<\/p>\n","protected":false},"featured_media":4416,"template":"","meta":[],"product_cat":[67,70],"product_tag":[],"_links":{"self":[{"href":"https:\/\/www.anciennes-collections.com\/en\/wp-json\/wp\/v2\/product\/4514"}],"collection":[{"href":"https:\/\/www.anciennes-collections.com\/en\/wp-json\/wp\/v2\/product"}],"about":[{"href":"https:\/\/www.anciennes-collections.com\/en\/wp-json\/wp\/v2\/types\/product"}],"wp:featuredmedia":[{"embeddable":true,"href":"https:\/\/www.anciennes-collections.com\/en\/wp-json\/wp\/v2\/media\/4416"}],"wp:attachment":[{"href":"https:\/\/www.anciennes-collections.com\/en\/wp-json\/wp\/v2\/media?parent=4514"}],"wp:term":[{"taxonomy":"product_cat","embeddable":true,"href":"https:\/\/www.anciennes-collections.com\/en\/wp-json\/wp\/v2\/product_cat?post=4514"},{"taxonomy":"product_tag","embeddable":true,"href":"https:\/\/www.anciennes-collections.com\/en\/wp-json\/wp\/v2\/product_tag?post=4514"}],"curies":[{"name":"wp","href":"https:\/\/api.w.org\/{rel}","templated":true}]}}