{"id":4512,"date":"2023-01-10T17:23:33","date_gmt":"2023-01-10T16:23:33","guid":{"rendered":"https:\/\/www.anciennes-collections.com\/?post_type=product&#038;p=4512"},"modified":"2024-03-19T13:31:05","modified_gmt":"2024-03-19T12:31:05","slug":"20-francs-or-napoleon-iii-1859-a","status":"publish","type":"product","link":"https:\/\/www.anciennes-collections.com\/en\/product\/20-francs-or-napoleon-iii-1859-a\/","title":{"rendered":"20 Francs or Napol\u00e9on III t\u00eate nue 1859 A"},"content":{"rendered":"<p>20 Francs or Napol\u00e9on III 1859 A<\/p>\n","protected":false},"excerpt":{"rendered":"<p>20 Francs or Napol\u00e9on III 1859 A<\/p>\n","protected":false},"featured_media":4432,"template":"","meta":[],"product_cat":[67,70],"product_tag":[],"_links":{"self":[{"href":"https:\/\/www.anciennes-collections.com\/en\/wp-json\/wp\/v2\/product\/4512"}],"collection":[{"href":"https:\/\/www.anciennes-collections.com\/en\/wp-json\/wp\/v2\/product"}],"about":[{"href":"https:\/\/www.anciennes-collections.com\/en\/wp-json\/wp\/v2\/types\/product"}],"wp:featuredmedia":[{"embeddable":true,"href":"https:\/\/www.anciennes-collections.com\/en\/wp-json\/wp\/v2\/media\/4432"}],"wp:attachment":[{"href":"https:\/\/www.anciennes-collections.com\/en\/wp-json\/wp\/v2\/media?parent=4512"}],"wp:term":[{"taxonomy":"product_cat","embeddable":true,"href":"https:\/\/www.anciennes-collections.com\/en\/wp-json\/wp\/v2\/product_cat?post=4512"},{"taxonomy":"product_tag","embeddable":true,"href":"https:\/\/www.anciennes-collections.com\/en\/wp-json\/wp\/v2\/product_tag?post=4512"}],"curies":[{"name":"wp","href":"https:\/\/api.w.org\/{rel}","templated":true}]}}