{"id":4493,"date":"2023-01-10T17:03:44","date_gmt":"2023-01-10T16:03:44","guid":{"rendered":"https:\/\/www.anciennes-collections.com\/?post_type=product&#038;p=4493"},"modified":"2026-01-28T10:09:18","modified_gmt":"2026-01-28T09:09:18","slug":"coffret-bu-8-pieces-de-1-centime-a-2-euro-vatican-benoit-xvi-2010-2","status":"publish","type":"product","link":"https:\/\/www.anciennes-collections.com\/en\/product\/coffret-bu-8-pieces-de-1-centime-a-2-euro-vatican-benoit-xvi-2010-2\/","title":{"rendered":"Coffret BU 8 pi\u00e8ces de 1 centime \u00e0 2 euro Vatican Benoit XVI 2010"},"content":{"rendered":"<p>Coffret BU 8 pi\u00e8ces de 1 centime \u00e0 2 euro Vatican Benoit XVI 2010<\/p>\n","protected":false},"excerpt":{"rendered":"<p>Coffret BU 8 pi\u00e8ces de 1 centime \u00e0 2 euro Vatican Benoit XVI 2010<\/p>\n","protected":false},"featured_media":4424,"template":"","meta":[],"product_cat":[67,69],"product_tag":[],"_links":{"self":[{"href":"https:\/\/www.anciennes-collections.com\/en\/wp-json\/wp\/v2\/product\/4493"}],"collection":[{"href":"https:\/\/www.anciennes-collections.com\/en\/wp-json\/wp\/v2\/product"}],"about":[{"href":"https:\/\/www.anciennes-collections.com\/en\/wp-json\/wp\/v2\/types\/product"}],"wp:featuredmedia":[{"embeddable":true,"href":"https:\/\/www.anciennes-collections.com\/en\/wp-json\/wp\/v2\/media\/4424"}],"wp:attachment":[{"href":"https:\/\/www.anciennes-collections.com\/en\/wp-json\/wp\/v2\/media?parent=4493"}],"wp:term":[{"taxonomy":"product_cat","embeddable":true,"href":"https:\/\/www.anciennes-collections.com\/en\/wp-json\/wp\/v2\/product_cat?post=4493"},{"taxonomy":"product_tag","embeddable":true,"href":"https:\/\/www.anciennes-collections.com\/en\/wp-json\/wp\/v2\/product_tag?post=4493"}],"curies":[{"name":"wp","href":"https:\/\/api.w.org\/{rel}","templated":true}]}}