{"id":4484,"date":"2023-01-10T16:52:03","date_gmt":"2023-01-10T15:52:03","guid":{"rendered":"https:\/\/www.anciennes-collections.com\/?post_type=product&#038;p=4484"},"modified":"2026-01-28T10:10:26","modified_gmt":"2026-01-28T09:10:26","slug":"coffret-bu-8-pieces-de-1-centime-a-2-euro-vatican-benoit-xvi-2010","status":"publish","type":"product","link":"https:\/\/www.anciennes-collections.com\/en\/product\/coffret-bu-8-pieces-de-1-centime-a-2-euro-vatican-benoit-xvi-2010\/","title":{"rendered":"Coffret BU 8 pi\u00e8ces de 1 centime \u00e0 2 euro Vatican Benoit XVI 2011"},"content":{"rendered":"<p>Coffret BU 8 pi\u00e8ces de 1 centime \u00e0 2 euro Vatican Benoit XVI 2011<\/p>\n","protected":false},"excerpt":{"rendered":"<p>Coffret BU 8 pi\u00e8ces de 1 centime \u00e0 2 euro Vatican Benoit XVI 2011<\/p>\n","protected":false},"featured_media":4452,"template":"","meta":[],"product_cat":[67,69],"product_tag":[],"_links":{"self":[{"href":"https:\/\/www.anciennes-collections.com\/en\/wp-json\/wp\/v2\/product\/4484"}],"collection":[{"href":"https:\/\/www.anciennes-collections.com\/en\/wp-json\/wp\/v2\/product"}],"about":[{"href":"https:\/\/www.anciennes-collections.com\/en\/wp-json\/wp\/v2\/types\/product"}],"wp:featuredmedia":[{"embeddable":true,"href":"https:\/\/www.anciennes-collections.com\/en\/wp-json\/wp\/v2\/media\/4452"}],"wp:attachment":[{"href":"https:\/\/www.anciennes-collections.com\/en\/wp-json\/wp\/v2\/media?parent=4484"}],"wp:term":[{"taxonomy":"product_cat","embeddable":true,"href":"https:\/\/www.anciennes-collections.com\/en\/wp-json\/wp\/v2\/product_cat?post=4484"},{"taxonomy":"product_tag","embeddable":true,"href":"https:\/\/www.anciennes-collections.com\/en\/wp-json\/wp\/v2\/product_tag?post=4484"}],"curies":[{"name":"wp","href":"https:\/\/api.w.org\/{rel}","templated":true}]}}