{"id":4310,"date":"2023-01-06T12:33:06","date_gmt":"2023-01-06T11:33:06","guid":{"rendered":"https:\/\/www.anciennes-collections.com\/?post_type=product&#038;p=4310"},"modified":"2023-01-06T12:33:48","modified_gmt":"2023-01-06T11:33:48","slug":"lot-de-10-ecus-argent-de-5-francs-du-xix-siecle-4","status":"publish","type":"product","link":"https:\/\/www.anciennes-collections.com\/en\/product\/lot-de-10-ecus-argent-de-5-francs-du-xix-siecle-4\/","title":{"rendered":"Lot de 10 \u00e9cus argent de 5 Francs du XIX si\u00e8cle"},"content":{"rendered":"<p>Lot de 10 \u00e9cus argent de 5 Francs du XIX si\u00e8cle<\/p>\n","protected":false},"excerpt":{"rendered":"<p>Lot de 10 \u00e9cus argent de 5 Francs du XIX si\u00e8cle<\/p>\n","protected":false},"featured_media":4294,"template":"","meta":[],"product_cat":[87,84],"product_tag":[],"_links":{"self":[{"href":"https:\/\/www.anciennes-collections.com\/en\/wp-json\/wp\/v2\/product\/4310"}],"collection":[{"href":"https:\/\/www.anciennes-collections.com\/en\/wp-json\/wp\/v2\/product"}],"about":[{"href":"https:\/\/www.anciennes-collections.com\/en\/wp-json\/wp\/v2\/types\/product"}],"wp:featuredmedia":[{"embeddable":true,"href":"https:\/\/www.anciennes-collections.com\/en\/wp-json\/wp\/v2\/media\/4294"}],"wp:attachment":[{"href":"https:\/\/www.anciennes-collections.com\/en\/wp-json\/wp\/v2\/media?parent=4310"}],"wp:term":[{"taxonomy":"product_cat","embeddable":true,"href":"https:\/\/www.anciennes-collections.com\/en\/wp-json\/wp\/v2\/product_cat?post=4310"},{"taxonomy":"product_tag","embeddable":true,"href":"https:\/\/www.anciennes-collections.com\/en\/wp-json\/wp\/v2\/product_tag?post=4310"}],"curies":[{"name":"wp","href":"https:\/\/api.w.org\/{rel}","templated":true}]}}