{"id":4304,"date":"2023-01-06T12:26:22","date_gmt":"2023-01-06T11:26:22","guid":{"rendered":"https:\/\/www.anciennes-collections.com\/produit\/lot-de-8-pieces-de-10-centimes-napoleon-iii\/"},"modified":"2023-01-06T12:26:22","modified_gmt":"2023-01-06T11:26:22","slug":"lot-de-8-pieces-de-10-centimes-napoleon-iii","status":"publish","type":"product","link":"https:\/\/www.anciennes-collections.com\/en\/product\/lot-de-8-pieces-de-10-centimes-napoleon-iii\/","title":{"rendered":"Lot de 8 pi\u00e8ces de 10 centimes Napol\u00e9on III"},"content":{"rendered":"<p>Lot de 8 pi\u00e8ces de 10 centimes Napol\u00e9on III<\/p>\n<p>Dont 1854 BB et1857 B<\/p>\n","protected":false},"excerpt":{"rendered":"<p>Lot de 8 pi\u00e8ces de 10 centimes Napol\u00e9on III Dont 1854 BB et1857 B<\/p>\n","protected":false},"featured_media":4300,"template":"","meta":[],"product_cat":[67,68],"product_tag":[],"_links":{"self":[{"href":"https:\/\/www.anciennes-collections.com\/en\/wp-json\/wp\/v2\/product\/4304"}],"collection":[{"href":"https:\/\/www.anciennes-collections.com\/en\/wp-json\/wp\/v2\/product"}],"about":[{"href":"https:\/\/www.anciennes-collections.com\/en\/wp-json\/wp\/v2\/types\/product"}],"wp:featuredmedia":[{"embeddable":true,"href":"https:\/\/www.anciennes-collections.com\/en\/wp-json\/wp\/v2\/media\/4300"}],"wp:attachment":[{"href":"https:\/\/www.anciennes-collections.com\/en\/wp-json\/wp\/v2\/media?parent=4304"}],"wp:term":[{"taxonomy":"product_cat","embeddable":true,"href":"https:\/\/www.anciennes-collections.com\/en\/wp-json\/wp\/v2\/product_cat?post=4304"},{"taxonomy":"product_tag","embeddable":true,"href":"https:\/\/www.anciennes-collections.com\/en\/wp-json\/wp\/v2\/product_tag?post=4304"}],"curies":[{"name":"wp","href":"https:\/\/api.w.org\/{rel}","templated":true}]}}