{"id":4271,"date":"2023-01-03T13:37:16","date_gmt":"2023-01-03T12:37:16","guid":{"rendered":"https:\/\/www.anciennes-collections.com\/produit\/lot-de-10-ecus-argent-de-5-francs-du-xix-siecle\/"},"modified":"2023-01-03T13:37:16","modified_gmt":"2023-01-03T12:37:16","slug":"lot-de-10-ecus-argent-de-5-francs-du-xix-siecle","status":"publish","type":"product","link":"https:\/\/www.anciennes-collections.com\/en\/product\/lot-de-10-ecus-argent-de-5-francs-du-xix-siecle\/","title":{"rendered":"Lot de 10 \u00e9cus argent de 5 Francs du XIX si\u00e8cle"},"content":{"rendered":"<p>Lot de 10 \u00e9cus argent de 5 Francs du XIX si\u00e8cle<\/p>\n","protected":false},"excerpt":{"rendered":"<p>Lot de 10 \u00e9cus argent de 5 Francs du XIX si\u00e8cle<\/p>\n","protected":false},"featured_media":4267,"template":"","meta":[],"product_cat":[87,84],"product_tag":[],"_links":{"self":[{"href":"https:\/\/www.anciennes-collections.com\/en\/wp-json\/wp\/v2\/product\/4271"}],"collection":[{"href":"https:\/\/www.anciennes-collections.com\/en\/wp-json\/wp\/v2\/product"}],"about":[{"href":"https:\/\/www.anciennes-collections.com\/en\/wp-json\/wp\/v2\/types\/product"}],"wp:featuredmedia":[{"embeddable":true,"href":"https:\/\/www.anciennes-collections.com\/en\/wp-json\/wp\/v2\/media\/4267"}],"wp:attachment":[{"href":"https:\/\/www.anciennes-collections.com\/en\/wp-json\/wp\/v2\/media?parent=4271"}],"wp:term":[{"taxonomy":"product_cat","embeddable":true,"href":"https:\/\/www.anciennes-collections.com\/en\/wp-json\/wp\/v2\/product_cat?post=4271"},{"taxonomy":"product_tag","embeddable":true,"href":"https:\/\/www.anciennes-collections.com\/en\/wp-json\/wp\/v2\/product_tag?post=4271"}],"curies":[{"name":"wp","href":"https:\/\/api.w.org\/{rel}","templated":true}]}}