{"id":4175,"date":"2022-12-26T16:11:56","date_gmt":"2022-12-26T15:11:56","guid":{"rendered":"https:\/\/www.anciennes-collections.com\/?post_type=product&#038;p=4175"},"modified":"2022-12-26T16:12:39","modified_gmt":"2022-12-26T15:12:39","slug":"billet-0-e-napoleon-les-100-jours-sextuple-zero-dedicace-par-richard-faille","status":"publish","type":"product","link":"https:\/\/www.anciennes-collections.com\/en\/product\/billet-0-e-napoleon-les-100-jours-sextuple-zero-dedicace-par-richard-faille\/","title":{"rendered":"Billet 0 \u20ac Napol\u00e9on les 100 Jours sextuple z\u00e9ro d\u00e9dicac\u00e9 par Richard Faille"},"content":{"rendered":"<p>Billet 0 \u20ac Napol\u00e9on les 100 Jours sextuple z\u00e9ro d\u00e9dicac\u00e9 par Richard Faille<\/p>\n","protected":false},"excerpt":{"rendered":"<p>Billet 0 \u20ac Napol\u00e9on les 100 Jours sextuple z\u00e9ro d\u00e9dicac\u00e9 par Richard Faille<\/p>\n","protected":false},"featured_media":4119,"template":"","meta":[],"product_cat":[143,74,76],"product_tag":[],"_links":{"self":[{"href":"https:\/\/www.anciennes-collections.com\/en\/wp-json\/wp\/v2\/product\/4175"}],"collection":[{"href":"https:\/\/www.anciennes-collections.com\/en\/wp-json\/wp\/v2\/product"}],"about":[{"href":"https:\/\/www.anciennes-collections.com\/en\/wp-json\/wp\/v2\/types\/product"}],"wp:featuredmedia":[{"embeddable":true,"href":"https:\/\/www.anciennes-collections.com\/en\/wp-json\/wp\/v2\/media\/4119"}],"wp:attachment":[{"href":"https:\/\/www.anciennes-collections.com\/en\/wp-json\/wp\/v2\/media?parent=4175"}],"wp:term":[{"taxonomy":"product_cat","embeddable":true,"href":"https:\/\/www.anciennes-collections.com\/en\/wp-json\/wp\/v2\/product_cat?post=4175"},{"taxonomy":"product_tag","embeddable":true,"href":"https:\/\/www.anciennes-collections.com\/en\/wp-json\/wp\/v2\/product_tag?post=4175"}],"curies":[{"name":"wp","href":"https:\/\/api.w.org\/{rel}","templated":true}]}}