{"id":4160,"date":"2022-12-26T16:01:38","date_gmt":"2022-12-26T15:01:38","guid":{"rendered":"https:\/\/www.anciennes-collections.com\/?post_type=product&#038;p=4160"},"modified":"2022-12-26T16:02:56","modified_gmt":"2022-12-26T15:02:56","slug":"billet-0-e-napoleon-les-100-jours-dedicace-par-richard-faille","status":"publish","type":"product","link":"https:\/\/www.anciennes-collections.com\/en\/product\/billet-0-e-napoleon-les-100-jours-dedicace-par-richard-faille\/","title":{"rendered":"Billet 0 \u20ac Napol\u00e9on les 100 Jours d\u00e9dicac\u00e9 par Richard Faille"},"content":{"rendered":"<p>Billet 0 \u20ac Napol\u00e9on les 100 Jours d\u00e9dicac\u00e9 par Richard Faille<\/p>\n","protected":false},"excerpt":{"rendered":"<p>Billet 0 \u20ac Napol\u00e9on les 100 Jours d\u00e9dicac\u00e9 par Richard Faille<\/p>\n","protected":false},"featured_media":4087,"template":"","meta":[],"product_cat":[143,74,76],"product_tag":[],"_links":{"self":[{"href":"https:\/\/www.anciennes-collections.com\/en\/wp-json\/wp\/v2\/product\/4160"}],"collection":[{"href":"https:\/\/www.anciennes-collections.com\/en\/wp-json\/wp\/v2\/product"}],"about":[{"href":"https:\/\/www.anciennes-collections.com\/en\/wp-json\/wp\/v2\/types\/product"}],"wp:featuredmedia":[{"embeddable":true,"href":"https:\/\/www.anciennes-collections.com\/en\/wp-json\/wp\/v2\/media\/4087"}],"wp:attachment":[{"href":"https:\/\/www.anciennes-collections.com\/en\/wp-json\/wp\/v2\/media?parent=4160"}],"wp:term":[{"taxonomy":"product_cat","embeddable":true,"href":"https:\/\/www.anciennes-collections.com\/en\/wp-json\/wp\/v2\/product_cat?post=4160"},{"taxonomy":"product_tag","embeddable":true,"href":"https:\/\/www.anciennes-collections.com\/en\/wp-json\/wp\/v2\/product_tag?post=4160"}],"curies":[{"name":"wp","href":"https:\/\/api.w.org\/{rel}","templated":true}]}}