{"id":4069,"date":"2022-12-23T15:00:31","date_gmt":"2022-12-23T14:00:31","guid":{"rendered":"https:\/\/www.anciennes-collections.com\/produit\/medaille-albert-roi-des-belges-comice-agricole-de-couvin-1922\/"},"modified":"2026-01-28T10:13:00","modified_gmt":"2026-01-28T09:13:00","slug":"medaille-albert-roi-des-belges-comice-agricole-de-couvin-1922","status":"publish","type":"product","link":"https:\/\/www.anciennes-collections.com\/en\/product\/medaille-albert-roi-des-belges-comice-agricole-de-couvin-1922\/","title":{"rendered":"M\u00e9daille Albert Roi Des Belges : Comice Agricole de Couvin 1922"},"content":{"rendered":"<p>M\u00e9daille Albert Roi Des Belges : Comice Agricole de Couvin 1922<\/p>\n<p>trace d&#8217;une b\u00e9li\u00e8re sur la tranche<\/p>\n","protected":false},"excerpt":{"rendered":"<p>M\u00e9daille Albert Roi Des Belges : Comice Agricole de Couvin 1922 trace d&#8217;une b\u00e9li\u00e8re sur la tranche<\/p>\n","protected":false},"featured_media":4053,"template":"","meta":[],"product_cat":[67,73],"product_tag":[],"_links":{"self":[{"href":"https:\/\/www.anciennes-collections.com\/en\/wp-json\/wp\/v2\/product\/4069"}],"collection":[{"href":"https:\/\/www.anciennes-collections.com\/en\/wp-json\/wp\/v2\/product"}],"about":[{"href":"https:\/\/www.anciennes-collections.com\/en\/wp-json\/wp\/v2\/types\/product"}],"wp:featuredmedia":[{"embeddable":true,"href":"https:\/\/www.anciennes-collections.com\/en\/wp-json\/wp\/v2\/media\/4053"}],"wp:attachment":[{"href":"https:\/\/www.anciennes-collections.com\/en\/wp-json\/wp\/v2\/media?parent=4069"}],"wp:term":[{"taxonomy":"product_cat","embeddable":true,"href":"https:\/\/www.anciennes-collections.com\/en\/wp-json\/wp\/v2\/product_cat?post=4069"},{"taxonomy":"product_tag","embeddable":true,"href":"https:\/\/www.anciennes-collections.com\/en\/wp-json\/wp\/v2\/product_tag?post=4069"}],"curies":[{"name":"wp","href":"https:\/\/api.w.org\/{rel}","templated":true}]}}