{"id":3725,"date":"2022-10-18T15:08:44","date_gmt":"2022-10-18T13:08:44","guid":{"rendered":"https:\/\/www.anciennes-collections.com\/produit\/medaille-napoleon-bonnaparte-reedificateur-de-lyon\/"},"modified":"2023-01-03T10:30:46","modified_gmt":"2023-01-03T09:30:46","slug":"medaille-napoleon-bonnaparte-reedificateur-de-lyon","status":"publish","type":"product","link":"https:\/\/www.anciennes-collections.com\/en\/product\/medaille-napoleon-bonnaparte-reedificateur-de-lyon\/","title":{"rendered":"M\u00e9daille Napol\u00e9on Bonnaparte Reedificateur de Lyon"},"content":{"rendered":"<p>M\u00e9daille Napol\u00e9on Bonnaparte Reedificateur de Lyon<\/p>\n","protected":false},"excerpt":{"rendered":"<p>M\u00e9daille Napol\u00e9on Bonnaparte Reedificateur de Lyon<\/p>\n","protected":false},"featured_media":3715,"template":"","meta":[],"product_cat":[67,73],"product_tag":[],"_links":{"self":[{"href":"https:\/\/www.anciennes-collections.com\/en\/wp-json\/wp\/v2\/product\/3725"}],"collection":[{"href":"https:\/\/www.anciennes-collections.com\/en\/wp-json\/wp\/v2\/product"}],"about":[{"href":"https:\/\/www.anciennes-collections.com\/en\/wp-json\/wp\/v2\/types\/product"}],"wp:featuredmedia":[{"embeddable":true,"href":"https:\/\/www.anciennes-collections.com\/en\/wp-json\/wp\/v2\/media\/3715"}],"wp:attachment":[{"href":"https:\/\/www.anciennes-collections.com\/en\/wp-json\/wp\/v2\/media?parent=3725"}],"wp:term":[{"taxonomy":"product_cat","embeddable":true,"href":"https:\/\/www.anciennes-collections.com\/en\/wp-json\/wp\/v2\/product_cat?post=3725"},{"taxonomy":"product_tag","embeddable":true,"href":"https:\/\/www.anciennes-collections.com\/en\/wp-json\/wp\/v2\/product_tag?post=3725"}],"curies":[{"name":"wp","href":"https:\/\/api.w.org\/{rel}","templated":true}]}}