{"id":3640,"date":"2022-08-31T14:46:12","date_gmt":"2022-08-31T12:46:12","guid":{"rendered":"https:\/\/www.anciennes-collections.com\/?post_type=product&#038;p=3640"},"modified":"2023-01-03T10:31:40","modified_gmt":"2023-01-03T09:31:40","slug":"medaille-monnaie-de-paris-musee-du-louvre-2000","status":"publish","type":"product","link":"https:\/\/www.anciennes-collections.com\/en\/product\/medaille-monnaie-de-paris-musee-du-louvre-2000\/","title":{"rendered":"M\u00e9daille Monnaie de Paris : Mus\u00e9e du Louvre 2000"},"content":{"rendered":"<p>M\u00e9daille Monnaie de Paris : Mus\u00e9e du Louvre 2000<\/p>\n","protected":false},"excerpt":{"rendered":"<p>M\u00e9daille Monnaie de Paris : Mus\u00e9e du Louvre 2000<\/p>\n","protected":false},"featured_media":3574,"template":"","meta":[],"product_cat":[67,73],"product_tag":[],"_links":{"self":[{"href":"https:\/\/www.anciennes-collections.com\/en\/wp-json\/wp\/v2\/product\/3640"}],"collection":[{"href":"https:\/\/www.anciennes-collections.com\/en\/wp-json\/wp\/v2\/product"}],"about":[{"href":"https:\/\/www.anciennes-collections.com\/en\/wp-json\/wp\/v2\/types\/product"}],"wp:featuredmedia":[{"embeddable":true,"href":"https:\/\/www.anciennes-collections.com\/en\/wp-json\/wp\/v2\/media\/3574"}],"wp:attachment":[{"href":"https:\/\/www.anciennes-collections.com\/en\/wp-json\/wp\/v2\/media?parent=3640"}],"wp:term":[{"taxonomy":"product_cat","embeddable":true,"href":"https:\/\/www.anciennes-collections.com\/en\/wp-json\/wp\/v2\/product_cat?post=3640"},{"taxonomy":"product_tag","embeddable":true,"href":"https:\/\/www.anciennes-collections.com\/en\/wp-json\/wp\/v2\/product_tag?post=3640"}],"curies":[{"name":"wp","href":"https:\/\/api.w.org\/{rel}","templated":true}]}}