{"id":3636,"date":"2022-08-31T14:41:25","date_gmt":"2022-08-31T12:41:25","guid":{"rendered":"https:\/\/www.anciennes-collections.com\/?post_type=product&#038;p=3636"},"modified":"2023-01-03T10:32:15","modified_gmt":"2023-01-03T09:32:15","slug":"medaille-napoleon-iii-exposition-universelle-de-1867-a-paris","status":"publish","type":"product","link":"https:\/\/www.anciennes-collections.com\/en\/product\/medaille-napoleon-iii-exposition-universelle-de-1867-a-paris\/","title":{"rendered":"M\u00e9daille Napol\u00e9on III Exposition Universelle de 1867 \u00e0 Paris"},"content":{"rendered":"<p>M\u00e9daille Napol\u00e9on III Exposition Universelle de 1867 \u00e0 Paris<\/p>\n","protected":false},"excerpt":{"rendered":"<p>M\u00e9daille Napol\u00e9on III Exposition Universelle de 1867 \u00e0 Paris<\/p>\n","protected":false},"featured_media":3620,"template":"","meta":[],"product_cat":[67,73],"product_tag":[],"_links":{"self":[{"href":"https:\/\/www.anciennes-collections.com\/en\/wp-json\/wp\/v2\/product\/3636"}],"collection":[{"href":"https:\/\/www.anciennes-collections.com\/en\/wp-json\/wp\/v2\/product"}],"about":[{"href":"https:\/\/www.anciennes-collections.com\/en\/wp-json\/wp\/v2\/types\/product"}],"wp:featuredmedia":[{"embeddable":true,"href":"https:\/\/www.anciennes-collections.com\/en\/wp-json\/wp\/v2\/media\/3620"}],"wp:attachment":[{"href":"https:\/\/www.anciennes-collections.com\/en\/wp-json\/wp\/v2\/media?parent=3636"}],"wp:term":[{"taxonomy":"product_cat","embeddable":true,"href":"https:\/\/www.anciennes-collections.com\/en\/wp-json\/wp\/v2\/product_cat?post=3636"},{"taxonomy":"product_tag","embeddable":true,"href":"https:\/\/www.anciennes-collections.com\/en\/wp-json\/wp\/v2\/product_tag?post=3636"}],"curies":[{"name":"wp","href":"https:\/\/api.w.org\/{rel}","templated":true}]}}