{"id":3560,"date":"2022-08-30T17:49:08","date_gmt":"2022-08-30T15:49:08","guid":{"rendered":"https:\/\/www.anciennes-collections.com\/?post_type=product&#038;p=3560"},"modified":"2022-08-30T17:50:38","modified_gmt":"2022-08-30T15:50:38","slug":"10-centimes-napoleon-iii-tete-nue-1854-ma","status":"publish","type":"product","link":"https:\/\/www.anciennes-collections.com\/en\/product\/10-centimes-napoleon-iii-tete-nue-1854-ma\/","title":{"rendered":"10 Centimes Napol\u00e9on III t\u00eate nue 1854 MA"},"content":{"rendered":"<p>10 Centimes Napol\u00e9on III t\u00eate nue 1854 MA<\/p>\n","protected":false},"excerpt":{"rendered":"<p>10 Centimes Napol\u00e9on III t\u00eate nue 1854 MA<\/p>\n","protected":false},"featured_media":3512,"template":"","meta":[],"product_cat":[67,68,36,43],"product_tag":[],"_links":{"self":[{"href":"https:\/\/www.anciennes-collections.com\/en\/wp-json\/wp\/v2\/product\/3560"}],"collection":[{"href":"https:\/\/www.anciennes-collections.com\/en\/wp-json\/wp\/v2\/product"}],"about":[{"href":"https:\/\/www.anciennes-collections.com\/en\/wp-json\/wp\/v2\/types\/product"}],"wp:featuredmedia":[{"embeddable":true,"href":"https:\/\/www.anciennes-collections.com\/en\/wp-json\/wp\/v2\/media\/3512"}],"wp:attachment":[{"href":"https:\/\/www.anciennes-collections.com\/en\/wp-json\/wp\/v2\/media?parent=3560"}],"wp:term":[{"taxonomy":"product_cat","embeddable":true,"href":"https:\/\/www.anciennes-collections.com\/en\/wp-json\/wp\/v2\/product_cat?post=3560"},{"taxonomy":"product_tag","embeddable":true,"href":"https:\/\/www.anciennes-collections.com\/en\/wp-json\/wp\/v2\/product_tag?post=3560"}],"curies":[{"name":"wp","href":"https:\/\/api.w.org\/{rel}","templated":true}]}}