{"id":3558,"date":"2022-08-30T17:47:13","date_gmt":"2022-08-30T15:47:13","guid":{"rendered":"https:\/\/www.anciennes-collections.com\/?post_type=product&#038;p=3558"},"modified":"2022-08-30T17:48:25","modified_gmt":"2022-08-30T15:48:25","slug":"5-francs-napoleon-iii-tete-nue-1855-a","status":"publish","type":"product","link":"https:\/\/www.anciennes-collections.com\/en\/product\/5-francs-napoleon-iii-tete-nue-1855-a\/","title":{"rendered":"5 Francs Napol\u00e9on III t\u00eate nue 1855 A"},"content":{"rendered":"<p>5 Francs Napol\u00e9on III t\u00eate nue 1855 A<\/p>\n","protected":false},"excerpt":{"rendered":"<p>5 Francs Napol\u00e9on III t\u00eate nue 1855 A<\/p>\n","protected":false},"featured_media":3522,"template":"","meta":[],"product_cat":[67,68,36,43],"product_tag":[],"_links":{"self":[{"href":"https:\/\/www.anciennes-collections.com\/en\/wp-json\/wp\/v2\/product\/3558"}],"collection":[{"href":"https:\/\/www.anciennes-collections.com\/en\/wp-json\/wp\/v2\/product"}],"about":[{"href":"https:\/\/www.anciennes-collections.com\/en\/wp-json\/wp\/v2\/types\/product"}],"wp:featuredmedia":[{"embeddable":true,"href":"https:\/\/www.anciennes-collections.com\/en\/wp-json\/wp\/v2\/media\/3522"}],"wp:attachment":[{"href":"https:\/\/www.anciennes-collections.com\/en\/wp-json\/wp\/v2\/media?parent=3558"}],"wp:term":[{"taxonomy":"product_cat","embeddable":true,"href":"https:\/\/www.anciennes-collections.com\/en\/wp-json\/wp\/v2\/product_cat?post=3558"},{"taxonomy":"product_tag","embeddable":true,"href":"https:\/\/www.anciennes-collections.com\/en\/wp-json\/wp\/v2\/product_tag?post=3558"}],"curies":[{"name":"wp","href":"https:\/\/api.w.org\/{rel}","templated":true}]}}