{"id":3554,"date":"2022-08-30T17:43:12","date_gmt":"2022-08-30T15:43:12","guid":{"rendered":"https:\/\/www.anciennes-collections.com\/?post_type=product&#038;p=3554"},"modified":"2022-08-30T17:45:43","modified_gmt":"2022-08-30T15:45:43","slug":"5-francs-ceres-1850-a","status":"publish","type":"product","link":"https:\/\/www.anciennes-collections.com\/en\/product\/5-francs-ceres-1850-a\/","title":{"rendered":"5 Francs C\u00e9r\u00e8s 1850 A"},"content":{"rendered":"<p>5 Francs C\u00e9r\u00e8s 1850 A<\/p>\n","protected":false},"excerpt":{"rendered":"<p>5 Francs C\u00e9r\u00e8s 1850 A<\/p>\n","protected":false},"featured_media":3540,"template":"","meta":[],"product_cat":[67,68,36,43],"product_tag":[],"_links":{"self":[{"href":"https:\/\/www.anciennes-collections.com\/en\/wp-json\/wp\/v2\/product\/3554"}],"collection":[{"href":"https:\/\/www.anciennes-collections.com\/en\/wp-json\/wp\/v2\/product"}],"about":[{"href":"https:\/\/www.anciennes-collections.com\/en\/wp-json\/wp\/v2\/types\/product"}],"wp:featuredmedia":[{"embeddable":true,"href":"https:\/\/www.anciennes-collections.com\/en\/wp-json\/wp\/v2\/media\/3540"}],"wp:attachment":[{"href":"https:\/\/www.anciennes-collections.com\/en\/wp-json\/wp\/v2\/media?parent=3554"}],"wp:term":[{"taxonomy":"product_cat","embeddable":true,"href":"https:\/\/www.anciennes-collections.com\/en\/wp-json\/wp\/v2\/product_cat?post=3554"},{"taxonomy":"product_tag","embeddable":true,"href":"https:\/\/www.anciennes-collections.com\/en\/wp-json\/wp\/v2\/product_tag?post=3554"}],"curies":[{"name":"wp","href":"https:\/\/api.w.org\/{rel}","templated":true}]}}