{"id":3373,"date":"2022-08-25T16:49:52","date_gmt":"2022-08-25T14:49:52","guid":{"rendered":"https:\/\/www.anciennes-collections.com\/produit\/5-francs-ceres-1870-k\/"},"modified":"2022-08-25T16:49:52","modified_gmt":"2022-08-25T14:49:52","slug":"5-francs-ceres-1870-k","status":"publish","type":"product","link":"https:\/\/www.anciennes-collections.com\/en\/product\/5-francs-ceres-1870-k\/","title":{"rendered":"5 Francs C\u00e9r\u00e8s 1870 K"},"content":{"rendered":"<p>5 Francs C\u00e9r\u00e8s 1870 K<\/p>\n","protected":false},"excerpt":{"rendered":"<p>5 Francs C\u00e9r\u00e8s 1870 K<\/p>\n","protected":false},"featured_media":3335,"template":"","meta":[],"product_cat":[67,68,36,43],"product_tag":[],"_links":{"self":[{"href":"https:\/\/www.anciennes-collections.com\/en\/wp-json\/wp\/v2\/product\/3373"}],"collection":[{"href":"https:\/\/www.anciennes-collections.com\/en\/wp-json\/wp\/v2\/product"}],"about":[{"href":"https:\/\/www.anciennes-collections.com\/en\/wp-json\/wp\/v2\/types\/product"}],"wp:featuredmedia":[{"embeddable":true,"href":"https:\/\/www.anciennes-collections.com\/en\/wp-json\/wp\/v2\/media\/3335"}],"wp:attachment":[{"href":"https:\/\/www.anciennes-collections.com\/en\/wp-json\/wp\/v2\/media?parent=3373"}],"wp:term":[{"taxonomy":"product_cat","embeddable":true,"href":"https:\/\/www.anciennes-collections.com\/en\/wp-json\/wp\/v2\/product_cat?post=3373"},{"taxonomy":"product_tag","embeddable":true,"href":"https:\/\/www.anciennes-collections.com\/en\/wp-json\/wp\/v2\/product_tag?post=3373"}],"curies":[{"name":"wp","href":"https:\/\/api.w.org\/{rel}","templated":true}]}}