{"id":2938,"date":"2022-06-27T16:49:41","date_gmt":"2022-06-27T14:49:41","guid":{"rendered":"https:\/\/www.anciennes-collections.com\/produit\/100-francs-or-napoleon-iii-tete-lauree-1867-bb\/"},"modified":"2022-08-24T15:39:12","modified_gmt":"2022-08-24T13:39:12","slug":"100-francs-or-napoleon-iii-tete-lauree-1867-bb","status":"publish","type":"product","link":"https:\/\/www.anciennes-collections.com\/en\/product\/100-francs-or-napoleon-iii-tete-lauree-1867-bb\/","title":{"rendered":"100 Francs Or Napol\u00e9on III t\u00eate laur\u00e9e 1867 BB"},"content":{"rendered":"<p><strong>100 Francs Or Napol\u00e9on III t\u00eate laur\u00e9e 1867 BB<\/strong><\/p>\n","protected":false},"excerpt":{"rendered":"<p>100 Francs Or Napol\u00e9on III t\u00eate laur\u00e9e 1867 BB<\/p>\n","protected":false},"featured_media":2928,"template":"","meta":[],"product_cat":[67,70,36,40],"product_tag":[],"_links":{"self":[{"href":"https:\/\/www.anciennes-collections.com\/en\/wp-json\/wp\/v2\/product\/2938"}],"collection":[{"href":"https:\/\/www.anciennes-collections.com\/en\/wp-json\/wp\/v2\/product"}],"about":[{"href":"https:\/\/www.anciennes-collections.com\/en\/wp-json\/wp\/v2\/types\/product"}],"wp:featuredmedia":[{"embeddable":true,"href":"https:\/\/www.anciennes-collections.com\/en\/wp-json\/wp\/v2\/media\/2928"}],"wp:attachment":[{"href":"https:\/\/www.anciennes-collections.com\/en\/wp-json\/wp\/v2\/media?parent=2938"}],"wp:term":[{"taxonomy":"product_cat","embeddable":true,"href":"https:\/\/www.anciennes-collections.com\/en\/wp-json\/wp\/v2\/product_cat?post=2938"},{"taxonomy":"product_tag","embeddable":true,"href":"https:\/\/www.anciennes-collections.com\/en\/wp-json\/wp\/v2\/product_tag?post=2938"}],"curies":[{"name":"wp","href":"https:\/\/api.w.org\/{rel}","templated":true}]}}