{"id":2670,"date":"2022-05-03T13:26:37","date_gmt":"2022-05-03T11:26:37","guid":{"rendered":"https:\/\/www.anciennes-collections.com\/?post_type=product&#038;p=2670"},"modified":"2025-01-14T16:12:30","modified_gmt":"2025-01-14T15:12:30","slug":"billet-de-50-francs-saint-exupery-petit-numero-lettre-a","status":"publish","type":"product","link":"https:\/\/www.anciennes-collections.com\/en\/product\/billet-de-50-francs-saint-exupery-petit-numero-lettre-a\/","title":{"rendered":"Billet de 50 Francs Saint Exup\u00e9ry petit num\u00e9ro lettre A"},"content":{"rendered":"<p><strong>Billet de 50 Francs Saint Exup\u00e9ry petit num\u00e9ro lettre A<\/strong><\/p>\n","protected":false},"excerpt":{"rendered":"<p>Billet de 50 Francs Saint Exup\u00e9ry petit num\u00e9ro lettre A<\/p>\n","protected":false},"featured_media":2654,"template":"","meta":[],"product_cat":[78,74],"product_tag":[],"_links":{"self":[{"href":"https:\/\/www.anciennes-collections.com\/en\/wp-json\/wp\/v2\/product\/2670"}],"collection":[{"href":"https:\/\/www.anciennes-collections.com\/en\/wp-json\/wp\/v2\/product"}],"about":[{"href":"https:\/\/www.anciennes-collections.com\/en\/wp-json\/wp\/v2\/types\/product"}],"wp:featuredmedia":[{"embeddable":true,"href":"https:\/\/www.anciennes-collections.com\/en\/wp-json\/wp\/v2\/media\/2654"}],"wp:attachment":[{"href":"https:\/\/www.anciennes-collections.com\/en\/wp-json\/wp\/v2\/media?parent=2670"}],"wp:term":[{"taxonomy":"product_cat","embeddable":true,"href":"https:\/\/www.anciennes-collections.com\/en\/wp-json\/wp\/v2\/product_cat?post=2670"},{"taxonomy":"product_tag","embeddable":true,"href":"https:\/\/www.anciennes-collections.com\/en\/wp-json\/wp\/v2\/product_tag?post=2670"}],"curies":[{"name":"wp","href":"https:\/\/api.w.org\/{rel}","templated":true}]}}