{"id":2430,"date":"2022-03-22T10:38:15","date_gmt":"2022-03-22T09:38:15","guid":{"rendered":"https:\/\/www.anciennes-collections.com\/?post_type=product&#038;p=2430"},"modified":"2022-03-22T10:39:48","modified_gmt":"2022-03-22T09:39:48","slug":"100-francs-or-napoleon-iii-tete-lauree","status":"publish","type":"product","link":"https:\/\/www.anciennes-collections.com\/en\/product\/100-francs-or-napoleon-iii-tete-lauree\/","title":{"rendered":"100 Francs or Napol\u00e9on III t\u00eate laur\u00e9e"},"content":{"rendered":"<p><strong>100 Francs or Napol\u00e9on III t\u00eate laur\u00e9e<\/strong><\/p>\n<p>1869 A<\/p>\n","protected":false},"excerpt":{"rendered":"<p><strong>100 Francs or Napol\u00e9on III t\u00eate laur\u00e9e<\/strong><\/p>\n<p>1869 A<\/p>\n","protected":false},"featured_media":2424,"template":"","meta":[],"product_cat":[67,70,79,68,83],"product_tag":[],"_links":{"self":[{"href":"https:\/\/www.anciennes-collections.com\/en\/wp-json\/wp\/v2\/product\/2430"}],"collection":[{"href":"https:\/\/www.anciennes-collections.com\/en\/wp-json\/wp\/v2\/product"}],"about":[{"href":"https:\/\/www.anciennes-collections.com\/en\/wp-json\/wp\/v2\/types\/product"}],"wp:featuredmedia":[{"embeddable":true,"href":"https:\/\/www.anciennes-collections.com\/en\/wp-json\/wp\/v2\/media\/2424"}],"wp:attachment":[{"href":"https:\/\/www.anciennes-collections.com\/en\/wp-json\/wp\/v2\/media?parent=2430"}],"wp:term":[{"taxonomy":"product_cat","embeddable":true,"href":"https:\/\/www.anciennes-collections.com\/en\/wp-json\/wp\/v2\/product_cat?post=2430"},{"taxonomy":"product_tag","embeddable":true,"href":"https:\/\/www.anciennes-collections.com\/en\/wp-json\/wp\/v2\/product_tag?post=2430"}],"curies":[{"name":"wp","href":"https:\/\/api.w.org\/{rel}","templated":true}]}}