{"id":2237,"date":"2022-02-23T17:36:28","date_gmt":"2022-02-23T16:36:28","guid":{"rendered":"https:\/\/anciennes-collections.com\/produit\/sol-a-lecu-de-louis-xvi\/"},"modified":"2022-02-23T17:36:28","modified_gmt":"2022-02-23T16:36:28","slug":"sol-a-lecu-de-louis-xvi","status":"publish","type":"product","link":"https:\/\/www.anciennes-collections.com\/en\/product\/sol-a-lecu-de-louis-xvi\/","title":{"rendered":"Sol \u00e0 l&#8217;\u00e9cu de Louis XVI"},"content":{"rendered":"<p><strong>Sol \u00e0 l&#8217;\u00e9cu de Louis XVI<\/strong><\/p>\n<p>1791 A<\/p>\n","protected":false},"excerpt":{"rendered":"<p><strong>Sol \u00e0 l&#8217;\u00e9cu de Louis XVI<\/strong><\/p>\n<p>1791 A<\/p>\n","protected":false},"featured_media":2233,"template":"","meta":[],"product_cat":[67,72],"product_tag":[],"_links":{"self":[{"href":"https:\/\/www.anciennes-collections.com\/en\/wp-json\/wp\/v2\/product\/2237"}],"collection":[{"href":"https:\/\/www.anciennes-collections.com\/en\/wp-json\/wp\/v2\/product"}],"about":[{"href":"https:\/\/www.anciennes-collections.com\/en\/wp-json\/wp\/v2\/types\/product"}],"wp:featuredmedia":[{"embeddable":true,"href":"https:\/\/www.anciennes-collections.com\/en\/wp-json\/wp\/v2\/media\/2233"}],"wp:attachment":[{"href":"https:\/\/www.anciennes-collections.com\/en\/wp-json\/wp\/v2\/media?parent=2237"}],"wp:term":[{"taxonomy":"product_cat","embeddable":true,"href":"https:\/\/www.anciennes-collections.com\/en\/wp-json\/wp\/v2\/product_cat?post=2237"},{"taxonomy":"product_tag","embeddable":true,"href":"https:\/\/www.anciennes-collections.com\/en\/wp-json\/wp\/v2\/product_tag?post=2237"}],"curies":[{"name":"wp","href":"https:\/\/api.w.org\/{rel}","templated":true}]}}