{"id":2043,"date":"2022-02-22T13:35:09","date_gmt":"2022-02-22T12:35:09","guid":{"rendered":"https:\/\/anciennes-collections.com\/produit\/20-francs-or-ceres\/"},"modified":"2022-05-17T16:04:20","modified_gmt":"2022-05-17T14:04:20","slug":"20-francs-or-ceres","status":"publish","type":"product","link":"https:\/\/www.anciennes-collections.com\/en\/product\/20-francs-or-ceres\/","title":{"rendered":"20 Francs or C\u00e9r\u00e8s"},"content":{"rendered":"<p><strong>20 Francs or C\u00e9r\u00e8s<\/strong><\/p>\n<p>1849 A<\/p>\n","protected":false},"excerpt":{"rendered":"<p><strong>20 Francs or C\u00e9r\u00e8s<\/strong><\/p>\n<p>1849 A<\/p>\n","protected":false},"featured_media":2018,"template":"","meta":[],"product_cat":[67,70,79,88,89,68,83],"product_tag":[],"_links":{"self":[{"href":"https:\/\/www.anciennes-collections.com\/en\/wp-json\/wp\/v2\/product\/2043"}],"collection":[{"href":"https:\/\/www.anciennes-collections.com\/en\/wp-json\/wp\/v2\/product"}],"about":[{"href":"https:\/\/www.anciennes-collections.com\/en\/wp-json\/wp\/v2\/types\/product"}],"wp:featuredmedia":[{"embeddable":true,"href":"https:\/\/www.anciennes-collections.com\/en\/wp-json\/wp\/v2\/media\/2018"}],"wp:attachment":[{"href":"https:\/\/www.anciennes-collections.com\/en\/wp-json\/wp\/v2\/media?parent=2043"}],"wp:term":[{"taxonomy":"product_cat","embeddable":true,"href":"https:\/\/www.anciennes-collections.com\/en\/wp-json\/wp\/v2\/product_cat?post=2043"},{"taxonomy":"product_tag","embeddable":true,"href":"https:\/\/www.anciennes-collections.com\/en\/wp-json\/wp\/v2\/product_tag?post=2043"}],"curies":[{"name":"wp","href":"https:\/\/api.w.org\/{rel}","templated":true}]}}