{"id":1965,"date":"2022-02-21T15:47:26","date_gmt":"2022-02-21T14:47:26","guid":{"rendered":"https:\/\/anciennes-collections.com\/?post_type=product&#038;p=1965"},"modified":"2022-02-21T15:51:00","modified_gmt":"2022-02-21T14:51:00","slug":"ecu-louis-xiv-a-la-cravate","status":"publish","type":"product","link":"https:\/\/www.anciennes-collections.com\/en\/product\/ecu-louis-xiv-a-la-cravate\/","title":{"rendered":"\u00e9cu Louis XIV \u00e0 la cravate"},"content":{"rendered":"<p><strong>\u00e9cu Louis XIV \u00e0 la cravate<\/strong><\/p>\n<p>1676 A<\/p>\n","protected":false},"excerpt":{"rendered":"<p><strong>\u00e9cu Louis XIV \u00e0 la cravate<\/strong><\/p>\n<p>1676 A<\/p>\n","protected":false},"featured_media":1961,"template":"","meta":[],"product_cat":[67,72],"product_tag":[],"_links":{"self":[{"href":"https:\/\/www.anciennes-collections.com\/en\/wp-json\/wp\/v2\/product\/1965"}],"collection":[{"href":"https:\/\/www.anciennes-collections.com\/en\/wp-json\/wp\/v2\/product"}],"about":[{"href":"https:\/\/www.anciennes-collections.com\/en\/wp-json\/wp\/v2\/types\/product"}],"wp:featuredmedia":[{"embeddable":true,"href":"https:\/\/www.anciennes-collections.com\/en\/wp-json\/wp\/v2\/media\/1961"}],"wp:attachment":[{"href":"https:\/\/www.anciennes-collections.com\/en\/wp-json\/wp\/v2\/media?parent=1965"}],"wp:term":[{"taxonomy":"product_cat","embeddable":true,"href":"https:\/\/www.anciennes-collections.com\/en\/wp-json\/wp\/v2\/product_cat?post=1965"},{"taxonomy":"product_tag","embeddable":true,"href":"https:\/\/www.anciennes-collections.com\/en\/wp-json\/wp\/v2\/product_tag?post=1965"}],"curies":[{"name":"wp","href":"https:\/\/api.w.org\/{rel}","templated":true}]}}