{"id":1580,"date":"2022-02-17T16:11:34","date_gmt":"2022-02-17T15:11:34","guid":{"rendered":"https:\/\/anciennes-collections.com\/produit\/timbre-monnaie-10-centimes-credit-lyonnais\/"},"modified":"2022-02-17T16:11:34","modified_gmt":"2022-02-17T15:11:34","slug":"timbre-monnaie-10-centimes-credit-lyonnais","status":"publish","type":"product","link":"https:\/\/www.anciennes-collections.com\/en\/product\/timbre-monnaie-10-centimes-credit-lyonnais\/","title":{"rendered":"Timbre monnaie 10 centimes cr\u00e9dit lyonnais"},"content":{"rendered":"<p><strong>Timbre monnaie 10 centimes cr\u00e9dit lyonnais<\/strong><\/p>\n<p>l\u00e9g\u00e8rement abim\u00e9<\/p>\n","protected":false},"excerpt":{"rendered":"<p>Timbre monnaie 10 centimes cr\u00e9dit lyonnais<\/p>\n","protected":false},"featured_media":1521,"template":"","meta":[],"product_cat":[67,95,73,68,93],"product_tag":[],"_links":{"self":[{"href":"https:\/\/www.anciennes-collections.com\/en\/wp-json\/wp\/v2\/product\/1580"}],"collection":[{"href":"https:\/\/www.anciennes-collections.com\/en\/wp-json\/wp\/v2\/product"}],"about":[{"href":"https:\/\/www.anciennes-collections.com\/en\/wp-json\/wp\/v2\/types\/product"}],"wp:featuredmedia":[{"embeddable":true,"href":"https:\/\/www.anciennes-collections.com\/en\/wp-json\/wp\/v2\/media\/1521"}],"wp:attachment":[{"href":"https:\/\/www.anciennes-collections.com\/en\/wp-json\/wp\/v2\/media?parent=1580"}],"wp:term":[{"taxonomy":"product_cat","embeddable":true,"href":"https:\/\/www.anciennes-collections.com\/en\/wp-json\/wp\/v2\/product_cat?post=1580"},{"taxonomy":"product_tag","embeddable":true,"href":"https:\/\/www.anciennes-collections.com\/en\/wp-json\/wp\/v2\/product_tag?post=1580"}],"curies":[{"name":"wp","href":"https:\/\/api.w.org\/{rel}","templated":true}]}}