{"id":1529,"date":"2022-02-17T16:05:26","date_gmt":"2022-02-17T15:05:26","guid":{"rendered":"https:\/\/anciennes-collections.com\/?post_type=product&#038;p=1529"},"modified":"2022-02-17T16:08:19","modified_gmt":"2022-02-17T15:08:19","slug":"medaille-napoleon-iii-exposition-de-clermont-ferrand-1863","status":"publish","type":"product","link":"https:\/\/www.anciennes-collections.com\/en\/product\/medaille-napoleon-iii-exposition-de-clermont-ferrand-1863\/","title":{"rendered":"M\u00e9daille Napol\u00e9on III exposition de Clermont Ferrand 1863"},"content":{"rendered":"<p><strong>M\u00e9daille Napol\u00e9on III exposition de Clermont Ferrand 1863<\/strong><\/p>\n<p>m\u00e9daille abim\u00e9e<\/p>\n","protected":false},"excerpt":{"rendered":"<p>M\u00e9daille Napol\u00e9on III exposition de Clermont Ferrand 1863<\/p>\n","protected":false},"featured_media":1519,"template":"","meta":[],"product_cat":[67,73],"product_tag":[],"_links":{"self":[{"href":"https:\/\/www.anciennes-collections.com\/en\/wp-json\/wp\/v2\/product\/1529"}],"collection":[{"href":"https:\/\/www.anciennes-collections.com\/en\/wp-json\/wp\/v2\/product"}],"about":[{"href":"https:\/\/www.anciennes-collections.com\/en\/wp-json\/wp\/v2\/types\/product"}],"wp:featuredmedia":[{"embeddable":true,"href":"https:\/\/www.anciennes-collections.com\/en\/wp-json\/wp\/v2\/media\/1519"}],"wp:attachment":[{"href":"https:\/\/www.anciennes-collections.com\/en\/wp-json\/wp\/v2\/media?parent=1529"}],"wp:term":[{"taxonomy":"product_cat","embeddable":true,"href":"https:\/\/www.anciennes-collections.com\/en\/wp-json\/wp\/v2\/product_cat?post=1529"},{"taxonomy":"product_tag","embeddable":true,"href":"https:\/\/www.anciennes-collections.com\/en\/wp-json\/wp\/v2\/product_tag?post=1529"}],"curies":[{"name":"wp","href":"https:\/\/api.w.org\/{rel}","templated":true}]}}