{"id":1482,"date":"2022-02-16T15:14:40","date_gmt":"2022-02-16T14:14:40","guid":{"rendered":"https:\/\/anciennes-collections.com\/produit\/medaille-frederic-viii-danemark\/"},"modified":"2022-02-16T15:17:46","modified_gmt":"2022-02-16T14:17:46","slug":"medaille-frederic-viii-danemark","status":"publish","type":"product","link":"https:\/\/www.anciennes-collections.com\/en\/product\/medaille-frederic-viii-danemark\/","title":{"rendered":"M\u00e9daille Fr\u00e9d\u00e9ric VIII Danemark"},"content":{"rendered":"<p><strong>M\u00e9daille Fr\u00e9d\u00e9ric VIII Danemark<\/strong><\/p>\n<p>1848-1850<\/p>\n","protected":false},"excerpt":{"rendered":"<p>M\u00e9daille Fr\u00e9d\u00e9ric VIII Danemark<\/p>\n","protected":false},"featured_media":1484,"template":"","meta":[],"product_cat":[67,73],"product_tag":[],"_links":{"self":[{"href":"https:\/\/www.anciennes-collections.com\/en\/wp-json\/wp\/v2\/product\/1482"}],"collection":[{"href":"https:\/\/www.anciennes-collections.com\/en\/wp-json\/wp\/v2\/product"}],"about":[{"href":"https:\/\/www.anciennes-collections.com\/en\/wp-json\/wp\/v2\/types\/product"}],"wp:featuredmedia":[{"embeddable":true,"href":"https:\/\/www.anciennes-collections.com\/en\/wp-json\/wp\/v2\/media\/1484"}],"wp:attachment":[{"href":"https:\/\/www.anciennes-collections.com\/en\/wp-json\/wp\/v2\/media?parent=1482"}],"wp:term":[{"taxonomy":"product_cat","embeddable":true,"href":"https:\/\/www.anciennes-collections.com\/en\/wp-json\/wp\/v2\/product_cat?post=1482"},{"taxonomy":"product_tag","embeddable":true,"href":"https:\/\/www.anciennes-collections.com\/en\/wp-json\/wp\/v2\/product_tag?post=1482"}],"curies":[{"name":"wp","href":"https:\/\/api.w.org\/{rel}","templated":true}]}}