{"id":1388,"date":"2022-02-16T13:13:59","date_gmt":"2022-02-16T12:13:59","guid":{"rendered":"https:\/\/anciennes-collections.com\/?post_type=product&#038;p=1388"},"modified":"2022-02-16T13:17:48","modified_gmt":"2022-02-16T12:17:48","slug":"medaille-napoleon-iv","status":"publish","type":"product","link":"https:\/\/www.anciennes-collections.com\/en\/product\/medaille-napoleon-iv\/","title":{"rendered":"M\u00e9daille Napol\u00e9on IV"},"content":{"rendered":"<p><strong>M\u00e9daille Napol\u00e9on IV<\/strong><\/p>\n<p>16 mars 1874<\/p>\n","protected":false},"excerpt":{"rendered":"<p><strong>M\u00e9daille Napol\u00e9on IV<\/strong><\/p>\n<p>16 mars 1874<\/p>\n","protected":false},"featured_media":1360,"template":"","meta":[],"product_cat":[67,73],"product_tag":[],"_links":{"self":[{"href":"https:\/\/www.anciennes-collections.com\/en\/wp-json\/wp\/v2\/product\/1388"}],"collection":[{"href":"https:\/\/www.anciennes-collections.com\/en\/wp-json\/wp\/v2\/product"}],"about":[{"href":"https:\/\/www.anciennes-collections.com\/en\/wp-json\/wp\/v2\/types\/product"}],"wp:featuredmedia":[{"embeddable":true,"href":"https:\/\/www.anciennes-collections.com\/en\/wp-json\/wp\/v2\/media\/1360"}],"wp:attachment":[{"href":"https:\/\/www.anciennes-collections.com\/en\/wp-json\/wp\/v2\/media?parent=1388"}],"wp:term":[{"taxonomy":"product_cat","embeddable":true,"href":"https:\/\/www.anciennes-collections.com\/en\/wp-json\/wp\/v2\/product_cat?post=1388"},{"taxonomy":"product_tag","embeddable":true,"href":"https:\/\/www.anciennes-collections.com\/en\/wp-json\/wp\/v2\/product_tag?post=1388"}],"curies":[{"name":"wp","href":"https:\/\/api.w.org\/{rel}","templated":true}]}}